{"id":10,"date":"2026-02-25T17:29:35","date_gmt":"2026-02-25T17:29:35","guid":{"rendered":"https:\/\/girisadresi.link\/index.php\/iletisim\/"},"modified":"2026-02-25T17:29:35","modified_gmt":"2026-02-25T17:29:35","slug":"iletisim","status":"publish","type":"page","link":"https:\/\/girisadresi.link\/index.php\/iletisim\/","title":{"rendered":"\u0130leti\u015fim"},"content":{"rendered":"<p>\u0130leti\u015fim sayfam\u0131za ho\u015f geldiniz! Her t\u00fcrl\u00fc soru, \u00f6neri ve g\u00f6r\u00fc\u015flerinizi bizimle payla\u015fmak i\u00e7in ileti\u015fim formunu doldurabilirsiniz. Ayr\u0131ca, do\u011frudan bize ula\u015fmak isterseniz <a href=\"mailto:iletisim@girisadresi.link\">iletisim@girisadresi.link<\/a> adresine e-posta g\u00f6nderebilirsiniz.<\/p>\n","protected":false},"excerpt":{"rendered":"<p>\u0130leti\u015fim sayfam\u0131za ho\u015f geldiniz! Her t\u00fcrl\u00fc soru, \u00f6neri ve g\u00f6r\u00fc\u015flerinizi bizimle payla\u015fmak i\u00e7in ileti\u015fim formunu doldurabilirsiniz. Ayr\u0131ca, do\u011frudan bize ula\u015fmak isterseniz iletisim@girisadresi.link adresine e-posta g\u00f6nderebilirsiniz.<\/p>\n","protected":false},"author":1,"featured_media":0,"parent":0,"menu_order":0,"comment_status":"closed","ping_status":"closed","template":"","meta":{"footnotes":""},"class_list":["post-10","page","type-page","status-publish","hentry"],"yoast_head":"<!-- This site is optimized with the Yoast SEO plugin v27.2 - https:\/\/yoast.com\/product\/yoast-seo-wordpress\/ -->\n<title>\u0130leti\u015fim - Giri\u015f Adresi<\/title>\n<meta name=\"robots\" content=\"index, follow, max-snippet:-1, max-image-preview:large, max-video-preview:-1\" \/>\n<link rel=\"canonical\" href=\"https:\/\/girisadresi.link\/index.php\/iletisim\/\" \/>\n<meta property=\"og:locale\" content=\"tr_TR\" \/>\n<meta property=\"og:type\" content=\"article\" \/>\n<meta property=\"og:title\" content=\"\u0130leti\u015fim - Giri\u015f Adresi\" \/>\n<meta property=\"og:description\" content=\"\u0130leti\u015fim sayfam\u0131za ho\u015f geldiniz! Her t\u00fcrl\u00fc soru, \u00f6neri ve g\u00f6r\u00fc\u015flerinizi bizimle payla\u015fmak i\u00e7in ileti\u015fim formunu doldurabilirsiniz. Ayr\u0131ca, do\u011frudan bize ula\u015fmak isterseniz iletisim@girisadresi.link adresine e-posta g\u00f6nderebilirsiniz.\" \/>\n<meta property=\"og:url\" content=\"https:\/\/girisadresi.link\/index.php\/iletisim\/\" \/>\n<meta property=\"og:site_name\" content=\"Giri\u015f Adresi\" \/>\n<meta name=\"twitter:card\" content=\"summary_large_image\" \/>\n<script type=\"application\/ld+json\" class=\"yoast-schema-graph\">{\"@context\":\"https:\/\/schema.org\",\"@graph\":[{\"@type\":\"WebPage\",\"@id\":\"https:\/\/girisadresi.link\/index.php\/iletisim\/\",\"url\":\"https:\/\/girisadresi.link\/index.php\/iletisim\/\",\"name\":\"\u0130leti\u015fim - Giri\u015f Adresi\",\"isPartOf\":{\"@id\":\"https:\/\/girisadresi.link\/#website\"},\"datePublished\":\"2026-02-25T17:29:35+00:00\",\"breadcrumb\":{\"@id\":\"https:\/\/girisadresi.link\/index.php\/iletisim\/#breadcrumb\"},\"inLanguage\":\"tr\",\"potentialAction\":[{\"@type\":\"ReadAction\",\"target\":[\"https:\/\/girisadresi.link\/index.php\/iletisim\/\"]}]},{\"@type\":\"BreadcrumbList\",\"@id\":\"https:\/\/girisadresi.link\/index.php\/iletisim\/#breadcrumb\",\"itemListElement\":[{\"@type\":\"ListItem\",\"position\":1,\"name\":\"Anasayfa\",\"item\":\"https:\/\/girisadresi.link\/\"},{\"@type\":\"ListItem\",\"position\":2,\"name\":\"\u0130leti\u015fim\"}]},{\"@type\":\"WebSite\",\"@id\":\"https:\/\/girisadresi.link\/#website\",\"url\":\"https:\/\/girisadresi.link\/\",\"name\":\"Giri\u015f Adresi\",\"description\":\"\",\"potentialAction\":[{\"@type\":\"SearchAction\",\"target\":{\"@type\":\"EntryPoint\",\"urlTemplate\":\"https:\/\/girisadresi.link\/?s={search_term_string}\"},\"query-input\":{\"@type\":\"PropertyValueSpecification\",\"valueRequired\":true,\"valueName\":\"search_term_string\"}}],\"inLanguage\":\"tr\"}]}<\/script>\n<!-- \/ Yoast SEO plugin. -->","yoast_head_json":{"title":"\u0130leti\u015fim - Giri\u015f Adresi","robots":{"index":"index","follow":"follow","max-snippet":"max-snippet:-1","max-image-preview":"max-image-preview:large","max-video-preview":"max-video-preview:-1"},"canonical":"https:\/\/girisadresi.link\/index.php\/iletisim\/","og_locale":"tr_TR","og_type":"article","og_title":"\u0130leti\u015fim - Giri\u015f Adresi","og_description":"\u0130leti\u015fim sayfam\u0131za ho\u015f geldiniz! Her t\u00fcrl\u00fc soru, \u00f6neri ve g\u00f6r\u00fc\u015flerinizi bizimle payla\u015fmak i\u00e7in ileti\u015fim formunu doldurabilirsiniz. Ayr\u0131ca, do\u011frudan bize ula\u015fmak isterseniz iletisim@girisadresi.link adresine e-posta g\u00f6nderebilirsiniz.","og_url":"https:\/\/girisadresi.link\/index.php\/iletisim\/","og_site_name":"Giri\u015f Adresi","twitter_card":"summary_large_image","schema":{"@context":"https:\/\/schema.org","@graph":[{"@type":"WebPage","@id":"https:\/\/girisadresi.link\/index.php\/iletisim\/","url":"https:\/\/girisadresi.link\/index.php\/iletisim\/","name":"\u0130leti\u015fim - Giri\u015f Adresi","isPartOf":{"@id":"https:\/\/girisadresi.link\/#website"},"datePublished":"2026-02-25T17:29:35+00:00","breadcrumb":{"@id":"https:\/\/girisadresi.link\/index.php\/iletisim\/#breadcrumb"},"inLanguage":"tr","potentialAction":[{"@type":"ReadAction","target":["https:\/\/girisadresi.link\/index.php\/iletisim\/"]}]},{"@type":"BreadcrumbList","@id":"https:\/\/girisadresi.link\/index.php\/iletisim\/#breadcrumb","itemListElement":[{"@type":"ListItem","position":1,"name":"Anasayfa","item":"https:\/\/girisadresi.link\/"},{"@type":"ListItem","position":2,"name":"\u0130leti\u015fim"}]},{"@type":"WebSite","@id":"https:\/\/girisadresi.link\/#website","url":"https:\/\/girisadresi.link\/","name":"Giri\u015f Adresi","description":"","potentialAction":[{"@type":"SearchAction","target":{"@type":"EntryPoint","urlTemplate":"https:\/\/girisadresi.link\/?s={search_term_string}"},"query-input":{"@type":"PropertyValueSpecification","valueRequired":true,"valueName":"search_term_string"}}],"inLanguage":"tr"}]}},"_links":{"self":[{"href":"https:\/\/girisadresi.link\/index.php\/wp-json\/wp\/v2\/pages\/10","targetHints":{"allow":["GET"]}}],"collection":[{"href":"https:\/\/girisadresi.link\/index.php\/wp-json\/wp\/v2\/pages"}],"about":[{"href":"https:\/\/girisadresi.link\/index.php\/wp-json\/wp\/v2\/types\/page"}],"author":[{"embeddable":true,"href":"https:\/\/girisadresi.link\/index.php\/wp-json\/wp\/v2\/users\/1"}],"replies":[{"embeddable":true,"href":"https:\/\/girisadresi.link\/index.php\/wp-json\/wp\/v2\/comments?post=10"}],"version-history":[{"count":0,"href":"https:\/\/girisadresi.link\/index.php\/wp-json\/wp\/v2\/pages\/10\/revisions"}],"wp:attachment":[{"href":"https:\/\/girisadresi.link\/index.php\/wp-json\/wp\/v2\/media?parent=10"}],"curies":[{"name":"wp","href":"https:\/\/api.w.org\/{rel}","templated":true}]}}